{"id":1594,"date":"2024-09-06T11:17:18","date_gmt":"2024-09-06T11:17:18","guid":{"rendered":"https:\/\/learninghub.sanzza.eu\/?page_id=1594"},"modified":"2025-03-13T10:52:01","modified_gmt":"2025-03-13T10:52:01","slug":"politica-de-cookies","status":"publish","type":"page","link":"https:\/\/learninghub.sanzza.eu\/?page_id=1594","title":{"rendered":"Pol\u00edtica de Cookies"},"content":{"rendered":"\t\t<div data-elementor-type=\"wp-page\" data-elementor-id=\"1594\" class=\"elementor elementor-1594\" data-elementor-post-type=\"page\">\n\t\t\t\t<div class=\"elementor-element elementor-element-768f65a e-flex e-con-boxed e-con e-parent\" data-id=\"768f65a\" data-element_type=\"container\">\n\t\t\t\t\t<div class=\"e-con-inner\">\n\t\t\t\t<div class=\"elementor-element elementor-element-a6f0cb7 elementor-widget elementor-widget-heading\" data-id=\"a6f0cb7\" data-element_type=\"widget\" data-widget_type=\"heading.default\">\n\t\t\t\t<div class=\"elementor-widget-container\">\n\t\t\t<h1 class=\"elementor-heading-title elementor-size-default\">Pol\u00edtica de Cookies<\/h1>\t\t<\/div>\n\t\t\t\t<\/div>\n\t\t\t\t<div class=\"elementor-element elementor-element-7a9edb1 textobase elementor-widget elementor-widget-text-editor\" data-id=\"7a9edb1\" data-element_type=\"widget\" data-widget_type=\"text-editor.default\">\n\t\t\t\t<div class=\"elementor-widget-container\">\n\t\t\t\t\t\t\t<p>A Learning Hub utiliza cookies pr\u00f3prios e de terceiros, com o intuito de melhorar a sua experi\u00eancia online, analisando dados sobre a navega\u00e7\u00e3o no seu website.<\/p>\n<p>Um cookie \u00e9 um ficheiro que \u00e9 descarregado pelo seu computador, telem\u00f3vel ou outro equipamento quando acede ao nosso website. Os cookies permitem-nos armazenar e recuperar informa\u00e7\u00f5es sobre os seus h\u00e1bitos de navega\u00e7\u00e3o, nomeadamente, n\u00famero de p\u00e1ginas que visita, idioma utilizado, a frequ\u00eancia e n\u00famero de visitas, o tempo de dura\u00e7\u00e3o da visita, o navegador ou equipamento com que realiza a visita no website.<\/p>\n<p>Os cookies que a Learning Hub utiliza s\u00e3o de funcionalidade, pois t\u00eam apenas como objetivo recolher informa\u00e7\u00e3o sobre o dispositivo com que o utilizador acede ao nosso site, de modo que possamos automaticamente adaptar imagens e conte\u00fado para uma melhor apresenta\u00e7\u00e3o, fluidez e rendimento. Estes cookies t\u00eam, portanto, como objetivo \u00fanico registar informa\u00e7\u00f5es de modo que a navega\u00e7\u00e3o seja mais r\u00e1pida e eficiente, eliminando a necessidade de introduzir repetidamente as mesmas informa\u00e7\u00f5es.<\/p>\n<p>A Learning Hub utiliza tamb\u00e9m cookies anal\u00edticos. Estes t\u00eam como objetivo recolher informa\u00e7\u00f5es estat\u00edsticas tendo em vista o melhoramento e adapta\u00e7\u00e3o das funcionalidades e conte\u00fados do website.<\/p>\n<p>Todos os browsers de navega\u00e7\u00e3o permitem ao utilizador aceitar, recusar ou apagar cookies, atrav\u00e9s da sele\u00e7\u00e3o das defini\u00e7\u00f5es avan\u00e7adas do navegador. \u00c9 poss\u00edvel configurar os cookies no menu \u201cop\u00e7\u00f5es\u201d ou \u201cprefer\u00eancias\u201d. Tenha, no entanto, em conta que, ao desativar os cookies, poder\u00e1 impedir que alguns servi\u00e7os web funcionem corretamente, podendo afetar parcial ou totalmente a sua navega\u00e7\u00e3o no website.<\/p>\n<p>A Learning Hub reserva-se ao direito de alterar a Pol\u00edtica de Cookies sempre que for necess\u00e1rio de forma a agir em conformidade com o novo RGPD. As altera\u00e7\u00f5es ser\u00e3o sempre participadas a colaboradores, clientes ou quaisquer outras partes interessadas atrav\u00e9s de envios de e-mail, aviso ou da forma que for mais conveniente.<\/p>\n<p>Contactos<br \/>\nPara mais esclarecimentos, poder\u00e1 contactar-nos a prop\u00f3sito desta Pol\u00edtica de Privacidade ou Pol\u00edtica de Cookies. Se tiver d\u00favidas a respeito desta Pol\u00edtica de Privacidade, por favor, contacte-nos atrav\u00e9s do e-mail: <a href=\"mailto:learninghub@holmesplace.pt\">learninghub@holmesplace.pt<\/a><\/p>\n\t\t\t\t\t\t<\/div>\n\t\t\t\t<\/div>\n\t\t\t\t\t<\/div>\n\t\t\t\t<\/div>\n\t\t\t\t<\/div>\n\t\t","protected":false},"excerpt":{"rendered":"","protected":false},"author":1,"featured_media":0,"parent":0,"menu_order":0,"comment_status":"closed","ping_status":"closed","template":"","meta":{"_acf_changed":false,"footnotes":""},"class_list":["post-1594","page","type-page","status-publish","hentry"],"acf":[],"_links":{"self":[{"href":"https:\/\/learninghub.sanzza.eu\/index.php?rest_route=\/wp\/v2\/pages\/1594","targetHints":{"allow":["GET"]}}],"collection":[{"href":"https:\/\/learninghub.sanzza.eu\/index.php?rest_route=\/wp\/v2\/pages"}],"about":[{"href":"https:\/\/learninghub.sanzza.eu\/index.php?rest_route=\/wp\/v2\/types\/page"}],"author":[{"embeddable":true,"href":"https:\/\/learninghub.sanzza.eu\/index.php?rest_route=\/wp\/v2\/users\/1"}],"replies":[{"embeddable":true,"href":"https:\/\/learninghub.sanzza.eu\/index.php?rest_route=%2Fwp%2Fv2%2Fcomments&post=1594"}],"version-history":[{"count":19,"href":"https:\/\/learninghub.sanzza.eu\/index.php?rest_route=\/wp\/v2\/pages\/1594\/revisions"}],"predecessor-version":[{"id":5465,"href":"https:\/\/learninghub.sanzza.eu\/index.php?rest_route=\/wp\/v2\/pages\/1594\/revisions\/5465"}],"wp:attachment":[{"href":"https:\/\/learninghub.sanzza.eu\/index.php?rest_route=%2Fwp%2Fv2%2Fmedia&parent=1594"}],"curies":[{"name":"wp","href":"https:\/\/api.w.org\/{rel}","templated":true}]}}