{"id":1449,"date":"2024-09-05T15:41:11","date_gmt":"2024-09-05T15:41:11","guid":{"rendered":"https:\/\/learninghub.sanzza.eu\/?page_id=1449"},"modified":"2025-03-13T10:54:19","modified_gmt":"2025-03-13T10:54:19","slug":"politica-de-privacidade","status":"publish","type":"page","link":"https:\/\/learninghub.sanzza.eu\/?page_id=1449","title":{"rendered":"Pol\u00edtica de Privacidade"},"content":{"rendered":"\t\t<div data-elementor-type=\"wp-page\" data-elementor-id=\"1449\" class=\"elementor elementor-1449\" data-elementor-post-type=\"page\">\n\t\t\t\t<div class=\"elementor-element elementor-element-4f12f25 e-flex e-con-boxed e-con e-parent\" data-id=\"4f12f25\" data-element_type=\"container\">\n\t\t\t\t\t<div class=\"e-con-inner\">\n\t\t\t\t<div class=\"elementor-element elementor-element-4306c34 elementor-widget elementor-widget-heading\" data-id=\"4306c34\" data-element_type=\"widget\" data-widget_type=\"heading.default\">\n\t\t\t\t<div class=\"elementor-widget-container\">\n\t\t\t<h1 class=\"elementor-heading-title elementor-size-default\">Pol\u00edtica de Privacidade<\/h1>\t\t<\/div>\n\t\t\t\t<\/div>\n\t\t\t\t<div class=\"elementor-element elementor-element-97f5f8a textobase elementor-widget elementor-widget-text-editor\" data-id=\"97f5f8a\" data-element_type=\"widget\" data-widget_type=\"text-editor.default\">\n\t\t\t\t<div class=\"elementor-widget-container\">\n\t\t\t\t\t\t\t<p>A Learning Hub est\u00e1 empenhada em salvaguardar o seu direito \u00e0 privacidade e \u00e0 manuten\u00e7\u00e3o da confidencialidade dos seus dados pessoais. A Pol\u00edtica de Privacidade Learning Hub \u00e9 aplic\u00e1vel a todo e qualquer tratamento de dados pessoais realizado no \u00e2mbito da nossa atividade, sejam eles clientes, colaboradores, prestadores de servi\u00e7os, candidatos, fornecedores ou qualquer terceira pessoa no \u00e2mbito laboral e comercial. Neste sentido, adotamos medidas administrativas e procedimentos internos para cumprir com o novo Regulamento Geral de Protec\u00e7\u00e3o de Dados (RGPD).<\/p>\n<p>A Learning Hub compromete-se com a confidencialidade e prote\u00e7\u00e3o dos dados de todas as pessoas com quem se relaciona, nos termos legais e em cumprimento do RGPD. O tratamento de dados pessoais \u00e9 regido pela Lei 67\/98 de 25 de outubro, sobre a Prote\u00e7\u00e3o de Dados Pessoais.<\/p>\n<p><strong>Onde e como \u00e9 feita a capta\u00e7\u00e3o de dados pessoais?<\/strong><\/p>\n<p>A Learning Hub procede \u00e0 capta\u00e7\u00e3o de dados pessoais principalmente atrav\u00e9s do seu website no endere\u00e7o <a href=\"https:\/\/learninghub.pt\">learninghub.pt<\/a> e no \u00e2mbito da sua atividade profissional. Para dar seguimento ao tratamento de dados, poder\u00e1 proceder \u00e0 recolha, registo, organiza\u00e7\u00e3o, conserva\u00e7\u00e3o, altera\u00e7\u00e3o, recupera\u00e7\u00e3o, consulta, utiliza\u00e7\u00e3o ou qualquer outra forma de disponibiliza\u00e7\u00e3o, apagamento ou destrui\u00e7\u00e3o dos dados pessoais dos seus clientes e colaboradores atrav\u00e9s de meios automatizados, ou n\u00e3o.<\/p>\n<p><strong>Qual a raz\u00e3o da recolha de dados?<\/strong><\/p>\n<p>A Learning Hub recolhe e trata dados pessoais em duas \u00f3ticas: no contexto da sua atividade comercial ou laboral e no \u00e2mbito do marketing, com consentimento expl\u00edcito dos seus titulares, n\u00e3o podendo tratar os dados futuramente de uma forma inconcili\u00e1vel com essas finalidades.<\/p>\n<p>Toda a informa\u00e7\u00e3o recolhida pela Learning Hub \u00e9 para o seu uso exclusivo e esta compromete-se a n\u00e3o a vender, trocar, alugar ou partilhar a terceiros sem o consentimento expl\u00edcito do utilizador, exceto em caso de decis\u00e3o judicial. O nosso objetivo com a recolha dos dados \u00e9 cumprir com as obriga\u00e7\u00f5es legais junto das autoridades competentes (no caso de clientes e colaboradores) e dar a conhecer os nossos servi\u00e7os, projetos e outras informa\u00e7\u00f5es \u00fateis como not\u00edcias e dicas por email (no caso das a\u00e7\u00f5es de marketing).<\/p>\n<p>Os dados recolhidos apenas ser\u00e3o os necess\u00e1rios e adequados ao cumprimento das finalidades descritas e ser\u00e3o mantidos de forma atualizada. Os dados pessoais poder\u00e3o ser preservados durante um per\u00edodo de tempo pr\u00e9-definido tendo em considera\u00e7\u00e3o as finalidades do tratamento e ser\u00e3o eliminados ou pseudonimizados ap\u00f3s o per\u00edodo de conserva\u00e7\u00e3o.<\/p>\n<p><strong>Quais s\u00e3o os direitos dos titulares dos dados?<\/strong><\/p>\n<p>Os titulares dos dados pessoais podem e devem exercer os seus direitos relativos \u00e0 forma como os seus dados pessoais s\u00e3o tratados. Em caso de d\u00favida, oposi\u00e7\u00e3o ou qualquer outro assunto, poder\u00e3o contactar a Learning Hub atrav\u00e9s dos contactos que disponibilizamos para o efeito. O novo regulamento traz uma s\u00e9rie de direitos aos titulares, entre os quais:<\/p>\n<p>Direito de acesso \u2013 Os titulares de dados t\u00eam o direito de conhecer todos os dados recolhidos sobre eles e qual a finalidade de utiliza\u00e7\u00e3o.<\/p>\n<p>Direito de retifica\u00e7\u00e3o \u2013 Os titulares de dados podem solicitar que as suas informa\u00e7\u00f5es sejam atualizadas ou corrigidas.<\/p>\n<p>Direito ao esquecimento \u2013 Os titulares de dados podem solicitar que as suas informa\u00e7\u00f5es sejam esquecidas. Ou seja, que qualquer informa\u00e7\u00e3o at\u00e9 esse momento sobre a pessoa, seja eliminada. Envie um email para <a href=\"mailto:learninghub@holmesplace.pt\">learninghub@holmesplace.pt<\/a> enviando um dado que o identifique. (ex: email).<\/p>\n<p>Direito \u00e0 portabilidade \u2013 Os titulares de dados podem solicitar que as suas informa\u00e7\u00f5es sejam transmitidas para outra organiza\u00e7\u00e3o ou para um concorrente.<\/p>\n<p>Direito de oposi\u00e7\u00e3o \u2013 As pessoas envolvidas podem solicitar que as suas informa\u00e7\u00f5es n\u00e3o sejam objeto de certos processamentos ou usos. Pode ser realizada atrav\u00e9s de opt-out.<\/p>\n<p>Direito de apresentar reclama\u00e7\u00e3o \u2013 No caso de os dados cedidos pelo titular n\u00e3o forem tratados conforme as disposi\u00e7\u00f5es legais, o titular pode apresentar uma reclama\u00e7\u00e3o junto da autoridade de controlo, que, em Portugal, \u00e9 a Comiss\u00e3o Nacional de Prote\u00e7\u00e3o de Dados.<\/p>\n<p><strong>Outros tratamentos de dados<\/strong><\/p>\n<p>A Learning Hub ir\u00e1 notific\u00e1-lo atempadamente caso seja necess\u00e1rio, o tratamento dos seus dados para um novo prop\u00f3sito, n\u00e3o abrangido por este documento.<\/p>\n<p>A Learning Hub reserva-se ao direito de alterar esta Pol\u00edtica de Privacidade sempre que for necess\u00e1rio de forma a estar em conformidade com as leis e regulamentos em vigor. Estas altera\u00e7\u00f5es ser\u00e3o sempre participadas a colaboradores, clientes ou quaisquer outras partes interessadas atrav\u00e9s de envios de e-mail, aviso ou da forma mais conveniente.<\/p>\n\t\t\t\t\t\t<\/div>\n\t\t\t\t<\/div>\n\t\t\t\t\t<\/div>\n\t\t\t\t<\/div>\n\t\t\t\t<\/div>\n\t\t","protected":false},"excerpt":{"rendered":"","protected":false},"author":1,"featured_media":0,"parent":0,"menu_order":0,"comment_status":"closed","ping_status":"closed","template":"","meta":{"_acf_changed":false,"footnotes":""},"class_list":["post-1449","page","type-page","status-publish","hentry"],"acf":[],"_links":{"self":[{"href":"https:\/\/learninghub.sanzza.eu\/index.php?rest_route=\/wp\/v2\/pages\/1449","targetHints":{"allow":["GET"]}}],"collection":[{"href":"https:\/\/learninghub.sanzza.eu\/index.php?rest_route=\/wp\/v2\/pages"}],"about":[{"href":"https:\/\/learninghub.sanzza.eu\/index.php?rest_route=\/wp\/v2\/types\/page"}],"author":[{"embeddable":true,"href":"https:\/\/learninghub.sanzza.eu\/index.php?rest_route=\/wp\/v2\/users\/1"}],"replies":[{"embeddable":true,"href":"https:\/\/learninghub.sanzza.eu\/index.php?rest_route=%2Fwp%2Fv2%2Fcomments&post=1449"}],"version-history":[{"count":39,"href":"https:\/\/learninghub.sanzza.eu\/index.php?rest_route=\/wp\/v2\/pages\/1449\/revisions"}],"predecessor-version":[{"id":5469,"href":"https:\/\/learninghub.sanzza.eu\/index.php?rest_route=\/wp\/v2\/pages\/1449\/revisions\/5469"}],"wp:attachment":[{"href":"https:\/\/learninghub.sanzza.eu\/index.php?rest_route=%2Fwp%2Fv2%2Fmedia&parent=1449"}],"curies":[{"name":"wp","href":"https:\/\/api.w.org\/{rel}","templated":true}]}}